{"id":1571,"date":"2023-03-04T20:51:59","date_gmt":"2023-03-05T01:51:59","guid":{"rendered":"https:\/\/orantario.com\/?page_id=1571"},"modified":"2024-01-14T17:49:20","modified_gmt":"2024-01-14T22:49:20","slug":"evaluation-des-diplomes-detudes-au-canada","status":"publish","type":"page","link":"https:\/\/orantario.com\/index.php\/evaluation-des-diplomes-detudes-au-canada\/","title":{"rendered":"\u00c9valuation des dipl\u00f4mes d&rsquo;\u00e9tudes\u200b et visa d&rsquo;\u00e9tudes au Canada"},"content":{"rendered":"\n<p>Soyez bien pr\u00e9par\u00e9s pour faire l&rsquo;\u00e9quivalence de vos dipl\u00f4mes d&rsquo;\u00e9tudes au Canada. Nous vous expliquerons le processus de l&rsquo;\u00e9quivalence de vos dipl\u00f4mes d&rsquo;\u00e9tudes au Canada avec les organismes WES et ICAS \u00e9tape par \u00e9tape. Vous pouvez poser toutes vos questions reli\u00e9es \u00e0 l&rsquo;\u00e9quivalence des dipl\u00f4mes au Canada.<\/p>\n\n\n\n<p>Nous vous offrons de l&rsquo;accompagnement pour faire votre demande d&rsquo;admission \u00e0 une universit\u00e9 ou \u00e0 un coll\u00e8ge au Canada.<\/p>\n\n\n\n<p><a href=\"Prix:&nbsp;250$&nbsp;150$\">Prix:&nbsp;<mark style=\"background-color:rgba(0, 0, 0, 0)\" class=\"has-inline-color has-ast-global-color-0-color\">100$<\/mark><\/a><\/p>\n\n\n\n<pre class=\"wp-block-code\"><code>&lt;!-- Calendly badge widget begin -->\r\n&lt;link href=\"https:\/\/assets.calendly.com\/assets\/external\/widget.css\" rel=\"stylesheet\">\r\n&lt;script src=\"https:\/\/assets.calendly.com\/assets\/external\/widget.js\" type=\"text\/javascript\" async>&lt;\/script>\r\n&lt;script type=\"text\/javascript\">window.onload = function() { Calendly.initBadgeWidget({ url: 'https:\/\/calendly.com\/orantario\/consultation', text: 'Prendre rendez-vous', color: '#ffc700', textColor: '#ffffff', branding: true }); }&lt;\/script>\r\n&lt;!-- Calendly badge widget end --><\/code><\/pre>\n","protected":false},"excerpt":{"rendered":"<p>Soyez bien pr\u00e9par\u00e9s pour faire l&rsquo;\u00e9quivalence de vos dipl\u00f4mes d&rsquo;\u00e9tudes au Canada. Nous vous expliquerons le processus de l&rsquo;\u00e9quivalence de vos dipl\u00f4mes d&rsquo;\u00e9tudes au Canada avec les organismes WES et ICAS \u00e9tape par \u00e9tape. Vous pouvez poser toutes vos questions reli\u00e9es \u00e0 l&rsquo;\u00e9quivalence des dipl\u00f4mes au Canada. Nous vous offrons de l&rsquo;accompagnement pour faire votre &hellip;<\/p>\n<p class=\"read-more\"> <a class=\"\" href=\"https:\/\/orantario.com\/index.php\/evaluation-des-diplomes-detudes-au-canada\/\"> <span class=\"screen-reader-text\">\u00c9valuation des dipl\u00f4mes d&rsquo;\u00e9tudes\u200b et visa d&rsquo;\u00e9tudes au Canada<\/span> Lire la suite\u00a0\u00bb<\/a><\/p>\n","protected":false},"author":1,"featured_media":0,"parent":0,"menu_order":0,"comment_status":"closed","ping_status":"closed","template":"","meta":{"site-sidebar-layout":"default","site-content-layout":"default","ast-global-header-display":"","ast-main-header-display":"","ast-hfb-above-header-display":"","ast-hfb-below-header-display":"","ast-hfb-mobile-header-display":"","site-post-title":"","ast-breadcrumbs-content":"","ast-featured-img":"","footer-sml-layout":"","theme-transparent-header-meta":"","adv-header-id-meta":"","stick-header-meta":"","header-above-stick-meta":"","header-main-stick-meta":"","header-below-stick-meta":"","footnotes":""},"_links":{"self":[{"href":"https:\/\/orantario.com\/index.php\/wp-json\/wp\/v2\/pages\/1571"}],"collection":[{"href":"https:\/\/orantario.com\/index.php\/wp-json\/wp\/v2\/pages"}],"about":[{"href":"https:\/\/orantario.com\/index.php\/wp-json\/wp\/v2\/types\/page"}],"author":[{"embeddable":true,"href":"https:\/\/orantario.com\/index.php\/wp-json\/wp\/v2\/users\/1"}],"replies":[{"embeddable":true,"href":"https:\/\/orantario.com\/index.php\/wp-json\/wp\/v2\/comments?post=1571"}],"version-history":[{"count":7,"href":"https:\/\/orantario.com\/index.php\/wp-json\/wp\/v2\/pages\/1571\/revisions"}],"predecessor-version":[{"id":1686,"href":"https:\/\/orantario.com\/index.php\/wp-json\/wp\/v2\/pages\/1571\/revisions\/1686"}],"wp:attachment":[{"href":"https:\/\/orantario.com\/index.php\/wp-json\/wp\/v2\/media?parent=1571"}],"curies":[{"name":"wp","href":"https:\/\/api.w.org\/{rel}","templated":true}]}}