{"id":1558,"date":"2023-03-04T20:47:40","date_gmt":"2023-03-05T01:47:40","guid":{"rendered":"https:\/\/orantario.com\/?page_id=1558"},"modified":"2024-01-14T17:44:17","modified_gmt":"2024-01-14T22:44:17","slug":"services-de-pre-depart-et-dintegration","status":"publish","type":"page","link":"https:\/\/orantario.com\/index.php\/services-de-pre-depart-et-dintegration\/","title":{"rendered":"Services de pr\u00e9-d\u00e9part et d&rsquo;int\u00e9gration"},"content":{"rendered":"\n<p>Durant cette s\u00e9ance de 2 heures, je vous parlerai des diff\u00e9rents programmes d&rsquo;\u00e9tablissement et d&#8217;emploi au Canada. Cette s\u00e9ance vous permettra de venir pr\u00e9par\u00e9 \u00e0 faire un tr\u00e8s bon \u00e9tablissement dans votre nouveau pays, divers sujets seront abord\u00e9s comme le logement, les allocations canadiennes pour enfants, les diff\u00e9rentes prestations de service du gouvernement, la recherche d&#8217;emploi, le choix de la ville d&rsquo;\u00e9tablissement, la scolarit\u00e9 des enfants, la garderie et plein d&rsquo;autres sujets li\u00e9s \u00e0 la vie dans le pays de la feuille d&rsquo;\u00e9rable. Durant la s\u00e9ance vous pourrez poser toutes vos questions et je me ferai un plaisir d&rsquo;y r\u00e9pondre.<\/p>\n\n\n\n<p>Prix:\u00a0<mark style=\"background-color:rgba(0, 0, 0, 0)\" class=\"has-inline-color has-ast-global-color-0-color\">100$<\/mark><\/p>\n","protected":false},"excerpt":{"rendered":"<p>Durant cette s\u00e9ance de 2 heures, je vous parlerai des diff\u00e9rents programmes d&rsquo;\u00e9tablissement et d&#8217;emploi au Canada. Cette s\u00e9ance vous permettra de venir pr\u00e9par\u00e9 \u00e0 faire un tr\u00e8s bon \u00e9tablissement dans votre nouveau pays, divers sujets seront abord\u00e9s comme le logement, les allocations canadiennes pour enfants, les diff\u00e9rentes prestations de service du gouvernement, la recherche &hellip;<\/p>\n<p class=\"read-more\"> <a class=\"\" href=\"https:\/\/orantario.com\/index.php\/services-de-pre-depart-et-dintegration\/\"> <span class=\"screen-reader-text\">Services de pr\u00e9-d\u00e9part et d&rsquo;int\u00e9gration<\/span> Lire la suite\u00a0\u00bb<\/a><\/p>\n","protected":false},"author":1,"featured_media":0,"parent":0,"menu_order":0,"comment_status":"closed","ping_status":"closed","template":"","meta":{"site-sidebar-layout":"default","site-content-layout":"default","ast-global-header-display":"","ast-main-header-display":"","ast-hfb-above-header-display":"","ast-hfb-below-header-display":"","ast-hfb-mobile-header-display":"","site-post-title":"","ast-breadcrumbs-content":"","ast-featured-img":"","footer-sml-layout":"","theme-transparent-header-meta":"","adv-header-id-meta":"","stick-header-meta":"","header-above-stick-meta":"","header-main-stick-meta":"","header-below-stick-meta":"","footnotes":""},"_links":{"self":[{"href":"https:\/\/orantario.com\/index.php\/wp-json\/wp\/v2\/pages\/1558"}],"collection":[{"href":"https:\/\/orantario.com\/index.php\/wp-json\/wp\/v2\/pages"}],"about":[{"href":"https:\/\/orantario.com\/index.php\/wp-json\/wp\/v2\/types\/page"}],"author":[{"embeddable":true,"href":"https:\/\/orantario.com\/index.php\/wp-json\/wp\/v2\/users\/1"}],"replies":[{"embeddable":true,"href":"https:\/\/orantario.com\/index.php\/wp-json\/wp\/v2\/comments?post=1558"}],"version-history":[{"count":6,"href":"https:\/\/orantario.com\/index.php\/wp-json\/wp\/v2\/pages\/1558\/revisions"}],"predecessor-version":[{"id":1675,"href":"https:\/\/orantario.com\/index.php\/wp-json\/wp\/v2\/pages\/1558\/revisions\/1675"}],"wp:attachment":[{"href":"https:\/\/orantario.com\/index.php\/wp-json\/wp\/v2\/media?parent=1558"}],"curies":[{"name":"wp","href":"https:\/\/api.w.org\/{rel}","templated":true}]}}