{"id":1236,"date":"2022-11-30T19:58:34","date_gmt":"2022-12-01T00:58:34","guid":{"rendered":"https:\/\/orantario.com\/?page_id=1236"},"modified":"2024-01-14T17:30:06","modified_gmt":"2024-01-14T22:30:06","slug":"services","status":"publish","type":"page","link":"https:\/\/orantario.com\/index.php\/services\/","title":{"rendered":"Services"},"content":{"rendered":"\t\t<div data-elementor-type=\"wp-page\" data-elementor-id=\"1236\" class=\"elementor elementor-1236\">\n\t\t\t\t\t\t<section class=\"elementor-section elementor-top-section elementor-element elementor-element-ab657e8 elementor-section-boxed elementor-section-height-default elementor-section-height-default\" data-id=\"ab657e8\" data-element_type=\"section\">\n\t\t\t\t\t\t<div class=\"elementor-container elementor-column-gap-default\">\n\t\t\t\t\t<div class=\"elementor-column elementor-col-33 elementor-top-column elementor-element elementor-element-db995ee\" data-id=\"db995ee\" data-element_type=\"column\">\n\t\t\t<div class=\"elementor-widget-wrap elementor-element-populated\">\n\t\t\t\t\t\t\t<\/div>\n\t\t<\/div>\n\t\t\t\t<div class=\"elementor-column elementor-col-33 elementor-top-column elementor-element elementor-element-c355870\" data-id=\"c355870\" data-element_type=\"column\">\n\t\t\t<div class=\"elementor-widget-wrap elementor-element-populated\">\n\t\t\t\t\t\t\t<\/div>\n\t\t<\/div>\n\t\t\t\t<div class=\"elementor-column elementor-col-33 elementor-top-column elementor-element elementor-element-b49d0e6\" data-id=\"b49d0e6\" data-element_type=\"column\">\n\t\t\t<div class=\"elementor-widget-wrap elementor-element-populated\">\n\t\t\t\t\t\t\t<\/div>\n\t\t<\/div>\n\t\t\t\t\t<\/div>\n\t\t<\/section>\n\t\t\t\t<section class=\"elementor-section elementor-top-section elementor-element elementor-element-eba2835 elementor-section-boxed elementor-section-height-default elementor-section-height-default\" data-id=\"eba2835\" data-element_type=\"section\">\n\t\t\t\t\t\t<div class=\"elementor-container elementor-column-gap-default\">\n\t\t\t\t\t<div class=\"elementor-column elementor-col-100 elementor-top-column elementor-element elementor-element-df11701\" data-id=\"df11701\" data-element_type=\"column\">\n\t\t\t<div class=\"elementor-widget-wrap elementor-element-populated\">\n\t\t\t\t\t\t<div class=\"elementor-element elementor-element-cfd71d9 elementor-widget-divider--view-line elementor-widget elementor-widget-divider\" data-id=\"cfd71d9\" data-element_type=\"widget\" data-widget_type=\"divider.default\">\n\t\t\t\t<div class=\"elementor-widget-container\">\n\t\t\t<style>\/*! elementor - v3.19.0 - 28-02-2024 *\/\n.elementor-widget-divider{--divider-border-style:none;--divider-border-width:1px;--divider-color:#0c0d0e;--divider-icon-size:20px;--divider-element-spacing:10px;--divider-pattern-height:24px;--divider-pattern-size:20px;--divider-pattern-url:none;--divider-pattern-repeat:repeat-x}.elementor-widget-divider .elementor-divider{display:flex}.elementor-widget-divider .elementor-divider__text{font-size:15px;line-height:1;max-width:95%}.elementor-widget-divider .elementor-divider__element{margin:0 var(--divider-element-spacing);flex-shrink:0}.elementor-widget-divider .elementor-icon{font-size:var(--divider-icon-size)}.elementor-widget-divider .elementor-divider-separator{display:flex;margin:0;direction:ltr}.elementor-widget-divider--view-line_icon .elementor-divider-separator,.elementor-widget-divider--view-line_text .elementor-divider-separator{align-items:center}.elementor-widget-divider--view-line_icon .elementor-divider-separator:after,.elementor-widget-divider--view-line_icon .elementor-divider-separator:before,.elementor-widget-divider--view-line_text .elementor-divider-separator:after,.elementor-widget-divider--view-line_text .elementor-divider-separator:before{display:block;content:\"\";border-block-end:0;flex-grow:1;border-block-start:var(--divider-border-width) var(--divider-border-style) var(--divider-color)}.elementor-widget-divider--element-align-left .elementor-divider .elementor-divider-separator>.elementor-divider__svg:first-of-type{flex-grow:0;flex-shrink:100}.elementor-widget-divider--element-align-left .elementor-divider-separator:before{content:none}.elementor-widget-divider--element-align-left .elementor-divider__element{margin-left:0}.elementor-widget-divider--element-align-right .elementor-divider .elementor-divider-separator>.elementor-divider__svg:last-of-type{flex-grow:0;flex-shrink:100}.elementor-widget-divider--element-align-right .elementor-divider-separator:after{content:none}.elementor-widget-divider--element-align-right .elementor-divider__element{margin-right:0}.elementor-widget-divider--element-align-start .elementor-divider .elementor-divider-separator>.elementor-divider__svg:first-of-type{flex-grow:0;flex-shrink:100}.elementor-widget-divider--element-align-start .elementor-divider-separator:before{content:none}.elementor-widget-divider--element-align-start .elementor-divider__element{margin-inline-start:0}.elementor-widget-divider--element-align-end .elementor-divider .elementor-divider-separator>.elementor-divider__svg:last-of-type{flex-grow:0;flex-shrink:100}.elementor-widget-divider--element-align-end .elementor-divider-separator:after{content:none}.elementor-widget-divider--element-align-end .elementor-divider__element{margin-inline-end:0}.elementor-widget-divider:not(.elementor-widget-divider--view-line_text):not(.elementor-widget-divider--view-line_icon) .elementor-divider-separator{border-block-start:var(--divider-border-width) var(--divider-border-style) var(--divider-color)}.elementor-widget-divider--separator-type-pattern{--divider-border-style:none}.elementor-widget-divider--separator-type-pattern.elementor-widget-divider--view-line .elementor-divider-separator,.elementor-widget-divider--separator-type-pattern:not(.elementor-widget-divider--view-line) .elementor-divider-separator:after,.elementor-widget-divider--separator-type-pattern:not(.elementor-widget-divider--view-line) .elementor-divider-separator:before,.elementor-widget-divider--separator-type-pattern:not([class*=elementor-widget-divider--view]) .elementor-divider-separator{width:100%;min-height:var(--divider-pattern-height);-webkit-mask-size:var(--divider-pattern-size) 100%;mask-size:var(--divider-pattern-size) 100%;-webkit-mask-repeat:var(--divider-pattern-repeat);mask-repeat:var(--divider-pattern-repeat);background-color:var(--divider-color);-webkit-mask-image:var(--divider-pattern-url);mask-image:var(--divider-pattern-url)}.elementor-widget-divider--no-spacing{--divider-pattern-size:auto}.elementor-widget-divider--bg-round{--divider-pattern-repeat:round}.rtl .elementor-widget-divider .elementor-divider__text{direction:rtl}.e-con-inner>.elementor-widget-divider,.e-con>.elementor-widget-divider{width:var(--container-widget-width,100%);--flex-grow:var(--container-widget-flex-grow)}<\/style>\t\t<div class=\"elementor-divider\">\n\t\t\t<span class=\"elementor-divider-separator\">\n\t\t\t\t\t\t<\/span>\n\t\t<\/div>\n\t\t\t\t<\/div>\n\t\t\t\t<\/div>\n\t\t\t\t\t<\/div>\n\t\t<\/div>\n\t\t\t\t\t<\/div>\n\t\t<\/section>\n\t\t\t\t<section class=\"elementor-section elementor-top-section elementor-element elementor-element-0516b35 elementor-section-boxed elementor-section-height-default elementor-section-height-default\" data-id=\"0516b35\" data-element_type=\"section\">\n\t\t\t\t\t\t<div class=\"elementor-container elementor-column-gap-default\">\n\t\t\t\t\t<div class=\"elementor-column elementor-col-100 elementor-top-column elementor-element elementor-element-79c1af3\" data-id=\"79c1af3\" data-element_type=\"column\">\n\t\t\t<div class=\"elementor-widget-wrap elementor-element-populated\">\n\t\t\t\t\t\t<div class=\"elementor-element elementor-element-7dea4c6 elementor-widget elementor-widget-heading\" data-id=\"7dea4c6\" data-element_type=\"widget\" data-widget_type=\"heading.default\">\n\t\t\t\t<div class=\"elementor-widget-container\">\n\t\t\t<style>\/*! elementor - v3.19.0 - 28-02-2024 *\/\n.elementor-heading-title{padding:0;margin:0;line-height:1}.elementor-widget-heading .elementor-heading-title[class*=elementor-size-]>a{color:inherit;font-size:inherit;line-height:inherit}.elementor-widget-heading .elementor-heading-title.elementor-size-small{font-size:15px}.elementor-widget-heading .elementor-heading-title.elementor-size-medium{font-size:19px}.elementor-widget-heading .elementor-heading-title.elementor-size-large{font-size:29px}.elementor-widget-heading .elementor-heading-title.elementor-size-xl{font-size:39px}.elementor-widget-heading .elementor-heading-title.elementor-size-xxl{font-size:59px}<\/style><h2 class=\"elementor-heading-title elementor-size-default\">Nos services<\/h2>\t\t<\/div>\n\t\t\t\t<\/div>\n\t\t\t\t<section class=\"elementor-section elementor-inner-section elementor-element elementor-element-c92dc47 elementor-section-boxed elementor-section-height-default elementor-section-height-default\" data-id=\"c92dc47\" data-element_type=\"section\">\n\t\t\t\t\t\t<div class=\"elementor-container elementor-column-gap-default\">\n\t\t\t\t\t<div class=\"elementor-column elementor-col-50 elementor-inner-column elementor-element elementor-element-6ad4d43\" data-id=\"6ad4d43\" data-element_type=\"column\">\n\t\t\t<div class=\"elementor-widget-wrap\">\n\t\t\t\t\t\t\t<\/div>\n\t\t<\/div>\n\t\t\t\t<div class=\"elementor-column elementor-col-50 elementor-inner-column elementor-element elementor-element-9a7d161\" data-id=\"9a7d161\" data-element_type=\"column\">\n\t\t\t<div class=\"elementor-widget-wrap\">\n\t\t\t\t\t\t\t<\/div>\n\t\t<\/div>\n\t\t\t\t\t<\/div>\n\t\t<\/section>\n\t\t\t\t\t<\/div>\n\t\t<\/div>\n\t\t\t\t\t<\/div>\n\t\t<\/section>\n\t\t\t\t<section class=\"elementor-section elementor-top-section elementor-element elementor-element-d366161 elementor-section-boxed elementor-section-height-default elementor-section-height-default\" data-id=\"d366161\" data-element_type=\"section\">\n\t\t\t\t\t\t<div class=\"elementor-container elementor-column-gap-default\">\n\t\t\t\t\t<div class=\"elementor-column elementor-col-33 elementor-top-column elementor-element elementor-element-6ea3550\" data-id=\"6ea3550\" data-element_type=\"column\">\n\t\t\t<div class=\"elementor-widget-wrap elementor-element-populated\">\n\t\t\t\t\t\t<div class=\"elementor-element elementor-element-3d96fd7 elementor-widget elementor-widget-text-editor\" data-id=\"3d96fd7\" data-element_type=\"widget\" data-widget_type=\"text-editor.default\">\n\t\t\t\t<div class=\"elementor-widget-container\">\n\t\t\t<style>\/*! elementor - v3.19.0 - 28-02-2024 *\/\n.elementor-widget-text-editor.elementor-drop-cap-view-stacked .elementor-drop-cap{background-color:#69727d;color:#fff}.elementor-widget-text-editor.elementor-drop-cap-view-framed .elementor-drop-cap{color:#69727d;border:3px solid;background-color:transparent}.elementor-widget-text-editor:not(.elementor-drop-cap-view-default) .elementor-drop-cap{margin-top:8px}.elementor-widget-text-editor:not(.elementor-drop-cap-view-default) .elementor-drop-cap-letter{width:1em;height:1em}.elementor-widget-text-editor .elementor-drop-cap{float:left;text-align:center;line-height:1;font-size:50px}.elementor-widget-text-editor .elementor-drop-cap-letter{display:inline-block}<\/style>\t\t\t\t<h2 contenteditable=\"true\" data-elementor-setting-key=\"title\" data-pen-placeholder=\"Saisir ici...\"><span style=\"color: #ff0000;\">Services de pr\u00e9-d\u00e9part et d&rsquo;int\u00e9gration<\/span><\/h2><p>Durant cette s\u00e9ance de 2 heures, je vous parlerai des diff\u00e9rents programmes d&rsquo;\u00e9tablissement et d&#8217;emploi au Canada. Cette s\u00e9ance vous permettra de venir pr\u00e9par\u00e9 \u00e0 faire un tr\u00e8s bon \u00e9tablissement dans votre nouveau pays, divers sujets seront abord\u00e9s comme le logement, les allocations canadiennes pour enfants, les diff\u00e9rentes prestations de service du gouvernement, la recherche d&#8217;emploi, le choix de la ville d&rsquo;\u00e9tablissement, la scolarit\u00e9 des enfants, la garderie et plein d&rsquo;autres sujets li\u00e9s \u00e0 la vie dans le pays de la feuille d&rsquo;\u00e9rable. Durant la s\u00e9ance vous pourrez poser toutes vos questions et je me ferai un plaisir d&rsquo;y r\u00e9pondre.<\/p><p>Prix:\u00a0<span style=\"color: #008000;\">100$<\/span><\/p>\t\t\t\t\t\t<\/div>\n\t\t\t\t<\/div>\n\t\t\t\t<div class=\"elementor-element elementor-element-55e7eb1 elementor-align-center elementor-widget elementor-widget-button\" data-id=\"55e7eb1\" data-element_type=\"widget\" data-widget_type=\"button.default\">\n\t\t\t\t<div class=\"elementor-widget-container\">\n\t\t\t\t\t<div class=\"elementor-button-wrapper\">\n\t\t\t<a class=\"elementor-button elementor-button-link elementor-size-sm\" href=\"https:\/\/orantario.com\/index.php\/services-de-pre-depart-et-dintegration\/\">\n\t\t\t\t\t\t<span class=\"elementor-button-content-wrapper\">\n\t\t\t\t\t\t<span class=\"elementor-button-text\">Services de pr\u00e9-d\u00e9part et d'int\u00e9gration<\/span>\n\t\t<\/span>\n\t\t\t\t\t<\/a>\n\t\t<\/div>\n\t\t\t\t<\/div>\n\t\t\t\t<\/div>\n\t\t\t\t\t<\/div>\n\t\t<\/div>\n\t\t\t\t<div class=\"elementor-column elementor-col-33 elementor-top-column elementor-element elementor-element-71788cb\" data-id=\"71788cb\" data-element_type=\"column\">\n\t\t\t<div class=\"elementor-widget-wrap elementor-element-populated\">\n\t\t\t\t\t\t<div class=\"elementor-element elementor-element-1986cc8 elementor-widget elementor-widget-text-editor\" data-id=\"1986cc8\" data-element_type=\"widget\" data-widget_type=\"text-editor.default\">\n\t\t\t\t<div class=\"elementor-widget-container\">\n\t\t\t\t\t\t\t<h2 class=\"elementor-heading-title elementor-size-default elementor-inline-editing pen\" contenteditable=\"true\" data-elementor-setting-key=\"title\" data-pen-placeholder=\"Saisir ici...\"><span style=\"color: #ff0000;\">Atelier de pr\u00e9paration \u00e0 l&#8217;emploi au Canada: CV, lettre de pr\u00e9sentation, coaching d&rsquo;entrevue\u00a0<\/span><\/h2><p>Pr\u00e9parez votre CV au format canadien et commencez \u00e0 appliquer pour des postes d&#8217;emploi \u00e0 travers le Canada. Nous vous offrons l&rsquo;aide pour les 3 types de CV reconnus par les employeurs et les recruteurs canadiens. Nous vous parlerons des diff\u00e9rents sites pour la recherche d&#8217;emplois et comment proc\u00e9der pour que votre CV atterrisse sur le bureau des ressources humaines de l&rsquo;entreprise cibl\u00e9e. Nous offrons aussi des s\u00e9ances de coaching pour la pr\u00e9paration \u00e0 l&rsquo;entrevue.\u00a0<\/p><p>Le prix inclut:<\/p><ul><li>Session individuelle pour faire l&rsquo;\u00e9valuation de carri\u00e8re, analyser les forces et les faiblesse et parler des orientations professionnelles du client ainsi que le type de formation qui peut l&rsquo;aider \u00e0 int\u00e9grer le march\u00e9 d&#8217;emploi canadien rapidement.<\/li><li>S\u00e9ance de coaching individuelle sur la mani\u00e8re d&rsquo;adapter son CV aux standars canadiens pour augmenter ses chances de d\u00e9crocher une entrevue.<\/li><li>L&rsquo;envoi du gabarit de CV et lettre de pr\u00e9sentation au client pour qu&rsquo;il remplisse des informations.<\/li><li>R\u00e9vision du CV et de la lettre de pr\u00e9sentation pour un poste donn\u00e9.<\/li><li>Pratique d&rsquo;entrevue pour aborder les divers techniques de r\u00e9ponses, la psychotechnique et le langage corporel.<\/li><\/ul><p>Prix:\u00a0<span style=\"color: #008000; background-color: var(--ast-global-color-5); font-size: 1rem;\">100$<\/span><\/p>\t\t\t\t\t\t<\/div>\n\t\t\t\t<\/div>\n\t\t\t\t<div class=\"elementor-element elementor-element-f95f68c elementor-align-center elementor-widget elementor-widget-button\" data-id=\"f95f68c\" data-element_type=\"widget\" data-widget_type=\"button.default\">\n\t\t\t\t<div class=\"elementor-widget-container\">\n\t\t\t\t\t<div class=\"elementor-button-wrapper\">\n\t\t\t<a class=\"elementor-button elementor-button-link elementor-size-sm\" href=\"https:\/\/orantario.com\/index.php\/atelier-de-preparation-du-cv-canadien\/\">\n\t\t\t\t\t\t<span class=\"elementor-button-content-wrapper\">\n\t\t\t\t\t\t<span class=\"elementor-button-text\">Atelier de pr\u00e9paration \u00e0 l'emploi<\/span>\n\t\t<\/span>\n\t\t\t\t\t<\/a>\n\t\t<\/div>\n\t\t\t\t<\/div>\n\t\t\t\t<\/div>\n\t\t\t\t\t<\/div>\n\t\t<\/div>\n\t\t\t\t<div class=\"elementor-column elementor-col-33 elementor-top-column elementor-element elementor-element-d653345\" data-id=\"d653345\" data-element_type=\"column\">\n\t\t\t<div class=\"elementor-widget-wrap elementor-element-populated\">\n\t\t\t\t\t\t<div class=\"elementor-element elementor-element-3cc6070 elementor-widget elementor-widget-text-editor\" data-id=\"3cc6070\" data-element_type=\"widget\" data-widget_type=\"text-editor.default\">\n\t\t\t\t<div class=\"elementor-widget-container\">\n\t\t\t\t\t\t\t<hr \/><h2 contenteditable=\"true\" data-elementor-setting-key=\"title\" data-pen-placeholder=\"Saisir ici...\"><span style=\"color: #ff0000;\">\u00c9valuation des dipl\u00f4mes d&rsquo;\u00e9tudes et visa d&rsquo;\u00e9tudes au Canada<\/span><\/h2><p>Soyez bien pr\u00e9par\u00e9s pour faire l&rsquo;\u00e9quivalence de vos dipl\u00f4mes d&rsquo;\u00e9tudes ou pour faire des \u00e9tudes acad\u00e9miques ou coll\u00e9giales au Canada. Nous vous expliquerons le processus de l&rsquo;\u00e9quivalence de vos dipl\u00f4mes d&rsquo;\u00e9tudes au Canada avec les organismes WES et ICAS \u00e9tape par \u00e9tape. Vous pouvez poser toutes vos questions reli\u00e9es \u00e0 l&rsquo;\u00e9quivalence des dipl\u00f4mes au Canada.<\/p><p>Nous vous offrons aussi la possibilit\u00e9 de vous aider \u00e0 faire une demande d&rsquo;admission \u00e0 l&rsquo;universit\u00e9 et au coll\u00e8ge.<\/p><p>Le prix inclut:<\/p><p>&#8211; Une session ou je vous explique les d\u00e9tails de la proc\u00e9dure.<\/p><p>&#8211; Si vous souhaitez continuer avec nous pour faire la demande d&rsquo;admission, le prix d\u00e9pendra de l&rsquo;institution \u00e0 laquelle vous voulez faire votre admission.\u00a0\u00a0<\/p><p>Prix:\u00a0<span style=\"color: #008000; background-color: var(--ast-global-color-5); font-size: 1rem;\">100$<\/span><\/p>\t\t\t\t\t\t<\/div>\n\t\t\t\t<\/div>\n\t\t\t\t<div class=\"elementor-element elementor-element-a5a78b0 elementor-align-center elementor-widget elementor-widget-button\" data-id=\"a5a78b0\" data-element_type=\"widget\" data-widget_type=\"button.default\">\n\t\t\t\t<div class=\"elementor-widget-container\">\n\t\t\t\t\t<div class=\"elementor-button-wrapper\">\n\t\t\t<a class=\"elementor-button elementor-button-link elementor-size-sm\" href=\"https:\/\/orantario.com\/index.php\/evaluation-des-diplomes-detudes-au-canada\/\">\n\t\t\t\t\t\t<span class=\"elementor-button-content-wrapper\">\n\t\t\t\t\t\t<span class=\"elementor-button-text\">\u00c9valuation des dipl\u00f4mes d'\u00e9tudes\u200b <\/span>\n\t\t<\/span>\n\t\t\t\t\t<\/a>\n\t\t<\/div>\n\t\t\t\t<\/div>\n\t\t\t\t<\/div>\n\t\t\t\t\t<\/div>\n\t\t<\/div>\n\t\t\t\t\t<\/div>\n\t\t<\/section>\n\t\t\t\t<section class=\"elementor-section elementor-top-section elementor-element elementor-element-b032858 elementor-section-boxed elementor-section-height-default elementor-section-height-default\" data-id=\"b032858\" data-element_type=\"section\">\n\t\t\t\t\t\t<div class=\"elementor-container elementor-column-gap-default\">\n\t\t\t\t\t<div class=\"elementor-column elementor-col-100 elementor-top-column elementor-element elementor-element-9edee9a\" data-id=\"9edee9a\" data-element_type=\"column\">\n\t\t\t<div class=\"elementor-widget-wrap elementor-element-populated\">\n\t\t\t\t\t\t<div class=\"elementor-element elementor-element-0a047a6 elementor-align-center elementor-widget elementor-widget-button\" data-id=\"0a047a6\" data-element_type=\"widget\" data-widget_type=\"button.default\">\n\t\t\t\t<div class=\"elementor-widget-container\">\n\t\t\t\t\t<div class=\"elementor-button-wrapper\">\n\t\t\t<a class=\"elementor-button elementor-button-link elementor-size-sm\" href=\"https:\/\/calendly.com\/orantario\/60minutes\">\n\t\t\t\t\t\t<span class=\"elementor-button-content-wrapper\">\n\t\t\t\t\t\t<span class=\"elementor-button-icon elementor-align-icon-right\">\n\t\t\t\t<i aria-hidden=\"true\" class=\"fas fa-greater-than\"><\/i>\t\t\t<\/span>\n\t\t\t\t\t\t<span class=\"elementor-button-text\">Prendre rendez-vous <\/span>\n\t\t<\/span>\n\t\t\t\t\t<\/a>\n\t\t<\/div>\n\t\t\t\t<\/div>\n\t\t\t\t<\/div>\n\t\t\t\t\t<\/div>\n\t\t<\/div>\n\t\t\t\t\t<\/div>\n\t\t<\/section>\n\t\t\t\t<\/div>\n\t\t","protected":false},"excerpt":{"rendered":"<p>Nos services Services de pr\u00e9-d\u00e9part et d&rsquo;int\u00e9gration Durant cette s\u00e9ance de 2 heures, je vous parlerai des diff\u00e9rents programmes d&rsquo;\u00e9tablissement et d&#8217;emploi au Canada. Cette s\u00e9ance vous permettra de venir pr\u00e9par\u00e9 \u00e0 faire un tr\u00e8s bon \u00e9tablissement dans votre nouveau pays, divers sujets seront abord\u00e9s comme le logement, les allocations canadiennes pour enfants, les diff\u00e9rentes &hellip;<\/p>\n<p class=\"read-more\"> <a class=\"\" href=\"https:\/\/orantario.com\/index.php\/services\/\"> <span class=\"screen-reader-text\">Services<\/span> Lire la suite\u00a0\u00bb<\/a><\/p>\n","protected":false},"author":1,"featured_media":189,"parent":0,"menu_order":0,"comment_status":"closed","ping_status":"closed","template":"","meta":{"site-sidebar-layout":"no-sidebar","site-content-layout":"page-builder","ast-global-header-display":"","ast-main-header-display":"","ast-hfb-above-header-display":"","ast-hfb-below-header-display":"","ast-hfb-mobile-header-display":"","site-post-title":"disabled","ast-breadcrumbs-content":"","ast-featured-img":"disabled","footer-sml-layout":"","theme-transparent-header-meta":"","adv-header-id-meta":"","stick-header-meta":"","header-above-stick-meta":"","header-main-stick-meta":"","header-below-stick-meta":"","footnotes":""},"_links":{"self":[{"href":"https:\/\/orantario.com\/index.php\/wp-json\/wp\/v2\/pages\/1236"}],"collection":[{"href":"https:\/\/orantario.com\/index.php\/wp-json\/wp\/v2\/pages"}],"about":[{"href":"https:\/\/orantario.com\/index.php\/wp-json\/wp\/v2\/types\/page"}],"author":[{"embeddable":true,"href":"https:\/\/orantario.com\/index.php\/wp-json\/wp\/v2\/users\/1"}],"replies":[{"embeddable":true,"href":"https:\/\/orantario.com\/index.php\/wp-json\/wp\/v2\/comments?post=1236"}],"version-history":[{"count":91,"href":"https:\/\/orantario.com\/index.php\/wp-json\/wp\/v2\/pages\/1236\/revisions"}],"predecessor-version":[{"id":1667,"href":"https:\/\/orantario.com\/index.php\/wp-json\/wp\/v2\/pages\/1236\/revisions\/1667"}],"wp:featuredmedia":[{"embeddable":true,"href":"https:\/\/orantario.com\/index.php\/wp-json\/wp\/v2\/media\/189"}],"wp:attachment":[{"href":"https:\/\/orantario.com\/index.php\/wp-json\/wp\/v2\/media?parent=1236"}],"curies":[{"name":"wp","href":"https:\/\/api.w.org\/{rel}","templated":true}]}}